{"id":214,"date":"2021-06-09T00:56:19","date_gmt":"2021-06-09T00:56:19","guid":{"rendered":"https:\/\/ecoforest.servidor.gal\/?page_id=214"},"modified":"2022-03-17T17:06:34","modified_gmt":"2022-03-17T16:06:34","slug":"politica-integrada-ecoforest","status":"publish","type":"page","link":"https:\/\/ecoforest.servidor.gal\/es\/politica-integrada-ecoforest\/","title":{"rendered":"Pol\u00edtica integrada Ecoforest"},"content":{"rendered":"\n<h2 class=\"wp-block-heading\">Pol\u00edtica integrada<\/h2>\n\n\n\n<p>El grupo ECOFOREST que engloba a BIOMASA ECOFORESTAL DE VILLACA\u00d1AS SLU Y ECOFOREST GEOTERMIA SL (Dise\u00f1o, Fabricaci\u00f3n y venta de Estufas, Calderas y bombas Geot\u00e9rmicas\/Aerot\u00e9rmicas) a trav\u00e9s de todos sus integrantes, se compromete a satisfacer los requisitos (legales, reglamentarios y de sus clientes) y a la mejora continua de la eficacia de su Sistema de la Gesti\u00f3n de la Calidad, medioambiente y seguridad y salud. Con este motivo, exponemos a continuaci\u00f3n nuestra Pol\u00edtica del sistema de gesti\u00f3n integrado:<\/p>\n\n\n\n<p>La l\u00ednea estrat\u00e9gica de ECOFOREST es el compromiso con la eficiencia energ\u00e9tica. Como empresa fabricante de equipos de climatizaci\u00f3n, ECOFOREST busca implantar las tecnolog\u00edas m\u00e1s avanzadas en el sector de la climatizaci\u00f3n, con una apuesta clara por la inversi\u00f3n en innovaci\u00f3n y las energ\u00edas verdes.<\/p>\n\n\n\n<p>Desde ECOFOREST comprendemos que como empresa l\u00edder en el sector de la climatizaci\u00f3n tenemos un claro compromiso con nuestro planeta y por ello la sostenibilidad medioambiental es uno de los pilares es los que se sustenta nuestra empresa. Por eso en ECOFOREST se aplican unos principios b\u00e1sicos de actuaci\u00f3n, que constituyen parte de la Pol\u00edtica medioambiental de la compa\u00f1\u00eda:<\/p>\n\n\n\n<ul class=\"wp-block-list\"><li>Integraci\u00f3n de la gesti\u00f3n ambiental y del desarrollo sostenible en el plan de desarrollo de la compa\u00f1\u00eda.<\/li><li>Establecer sistemas de gesti\u00f3n adecuados para fomentar el reciclaje dentro de la compa\u00f1\u00eda.<\/li><li>Utilizar los recursos h\u00eddricos, materias primas y recursos energ\u00e9ticos de manera sostenible reduciendo el impacto ambiental en el \u00e1rea de actuaci\u00f3n.<\/li><li>Utilizar y gestionar de manera racional los recursos minimizando la generaci\u00f3n de residuos, emisiones y vertidos, mediante el establecimiento de objetivos.<\/li><li>Control del cumplimiento de la legislaci\u00f3n vigente en todos los centros de la empresa en materia medioambiental y de seguridad.<\/li><li>Desarrollar una cultura de innovaci\u00f3n en todas las actividades y tecnolog\u00edas desarrolladas dentro de la compa\u00f1\u00eda.<\/li><li>Comunicar e informar a todos los trabajadores acerca de esta Pol\u00edtica Integrada.<\/li><\/ul>\n\n\n\n<p>ECOFOREST se compromete a revisar y actualizar peri\u00f3dicamente esta Pol\u00edtica medioambiental.<\/p>\n\n\n\n<p>La Pol\u00edtica de gesti\u00f3n definida por la Direcci\u00f3n de ECOFOREST persigue las siguientes metas:<\/p>\n\n\n\n<ul class=\"wp-block-list\"><li>Asegurar una metodolog\u00eda, en materia de calidad, medioambiente y seguridad y salud que clarifique los distintos procesos y las relaciones entre ellos.<\/li><li>Reducir las no conformidades para alcanzar un mayor grado de satisfacci\u00f3n entre nuestros clientes. Para lo cual se aplican metodolog\u00edas tipo QRQC, KAIZEN, LEAN,\u2026<\/li><li>Motivar y formar a todo el personal de la empresa para que se sientan como parte fundamental del nivel de calidad conseguido en el producto final, y hacerles part\u00edcipes incentivando la colaboraci\u00f3n y la asunci\u00f3n de las responsabilidades intr\u00ednsecas a la puesta en marcha del sistema.<\/li><li>Planificar e integrar la prevenci\u00f3n de riesgos laborales en el sistema de gesti\u00f3n de la organizaci\u00f3n, para asegurar la protecci\u00f3n de la salud de nuestros empleados en todas sus actividades y procesos. Para eso:<ul><li>Se evitar\u00e1 los riesgos y se evaluar\u00e1n peri\u00f3dicamente los riesgos inevitables.<\/li><li>Se combatir\u00e1n los riesgos en su origen.<\/li><li>Se adaptar\u00e1n los trabajos a las personas que los realizan.<\/li><li>Se sustituir\u00e1 lo peligros por lo que entra\u00f1e poco o ning\u00fan peligro.<\/li><li>Se vigilar\u00e1 peri\u00f3dicamente la salud del personal.<\/li><\/ul><\/li><\/ul>\n\n\n\n<p>La calidad es tarea de todos, por lo tanto, se hace imprescindible la participaci\u00f3n activa de todo el personal de ECOFOREST, fomentando el trabajo en equipo, tanto en la prevenci\u00f3n como en el an\u00e1lisis y soluci\u00f3n de problemas.<\/p>\n\n\n\n<p>La direcci\u00f3n se compromete a cumplir con la reglamentaci\u00f3n y legislaci\u00f3n vigente y otros requisitos que la organizaci\u00f3n suscriba.<\/p>\n\n\n\n<p>A trav\u00e9s de los Objetivos de la Calidad, Medioambiente, Seguridad y Salud y de sus proyectos de mejora, ECOFOREST traduce esta Pol\u00edtica de gesti\u00f3n en actuaciones concretas.<\/p>\n\n\n\n<p>La direcci\u00f3n se compromete a Informar, formar y sensibilizar a los trabajadores para trabajar con seguridad y mantener la siniestralidad al m\u00ednimo posible.<\/p>\n\n\n\n<p>Para todo ello, ECOFOREST ha dise\u00f1ado, implantado y mantiene al d\u00eda su Sistema de Gesti\u00f3n de la Calidad y medioambiente seg\u00fan las Normas ISO 9001, ISO 14001, EMAS, ISO 45001, BSI-MCS (ING), FLAMME VERTE (FR), KEYMARK (EUR), WATERMARK (AUSTRALIA), NF 414 (FR), UL (EEUU) y KIWA (IT).<\/p>\n\n\n\n<p class=\"has-text-align-center\">LA DIRECCI\u00d3N<\/p>\n\n\n\n<div class=\"wp-block-image\"><figure class=\"aligncenter size-large\"><img loading=\"lazy\" decoding=\"async\" width=\"300\" height=\"75\" src=\"https:\/\/ecoforest.servidor.gal\/wp-content\/uploads\/2021\/06\/logo-ecoforest.png\" alt=\"\" class=\"wp-image-11\" title=\"\" srcset=\"https:\/\/ecoforest.servidor.gal\/wp-content\/uploads\/2021\/06\/logo-ecoforest.png 300w, https:\/\/ecoforest.servidor.gal\/wp-content\/uploads\/2021\/06\/logo-ecoforest-260x65.png 260w\" sizes=\"auto, (max-width: 300px) 100vw, 300px\" \/><\/figure><\/div>\n","protected":false},"excerpt":{"rendered":"<p>Pol\u00edtica integrada El grupo ECOFOREST que engloba a BIOMASA ECOFORESTAL DE VILLACA\u00d1AS SLU Y ECOFOREST GEOTERMIA SL (Dise\u00f1o, Fabricaci\u00f3n y venta de Estufas, Calderas y bombas Geot\u00e9rmicas\/Aerot\u00e9rmicas) a trav\u00e9s de todos sus integrantes, se compromete a satisfacer los requisitos (legales, reglamentarios y de sus clientes) y a la mejora continua de la eficacia de su [&hellip;]<\/p>\n","protected":false},"author":1,"featured_media":0,"parent":0,"menu_order":0,"comment_status":"closed","ping_status":"closed","template":"","meta":{"inline_featured_image":false,"_kad_blocks_custom_css":"","_kad_blocks_head_custom_js":"","_kad_blocks_body_custom_js":"","_kad_blocks_footer_custom_js":"","site-sidebar-layout":"default","site-content-layout":"default","ast-site-content-layout":"default","site-content-style":"default","site-sidebar-style":"default","ast-global-header-display":"","ast-banner-title-visibility":"","ast-main-header-display":"","ast-hfb-above-header-display":"","ast-hfb-below-header-display":"","ast-hfb-mobile-header-display":"","site-post-title":"disabled","ast-breadcrumbs-content":"","ast-featured-img":"","footer-sml-layout":"","ast-disable-related-posts":"","theme-transparent-header-meta":"default","adv-header-id-meta":"","stick-header-meta":"default","header-above-stick-meta":"","header-main-stick-meta":"","header-below-stick-meta":"","astra-migrate-meta-layouts":"default","ast-page-background-enabled":"default","ast-page-background-meta":{"desktop":{"background-color":"","background-image":"","background-repeat":"repeat","background-position":"center center","background-size":"auto","background-attachment":"scroll","background-type":"","background-media":"","overlay-type":"","overlay-color":"","overlay-opacity":"","overlay-gradient":""},"tablet":{"background-color":"","background-image":"","background-repeat":"repeat","background-position":"center center","background-size":"auto","background-attachment":"scroll","background-type":"","background-media":"","overlay-type":"","overlay-color":"","overlay-opacity":"","overlay-gradient":""},"mobile":{"background-color":"","background-image":"","background-repeat":"repeat","background-position":"center center","background-size":"auto","background-attachment":"scroll","background-type":"","background-media":"","overlay-type":"","overlay-color":"","overlay-opacity":"","overlay-gradient":""}},"ast-content-background-meta":{"desktop":{"background-color":"var(--ast-global-color-5)","background-image":"","background-repeat":"repeat","background-position":"center center","background-size":"auto","background-attachment":"scroll","background-type":"","background-media":"","overlay-type":"","overlay-color":"","overlay-opacity":"","overlay-gradient":""},"tablet":{"background-color":"var(--ast-global-color-5)","background-image":"","background-repeat":"repeat","background-position":"center center","background-size":"auto","background-attachment":"scroll","background-type":"","background-media":"","overlay-type":"","overlay-color":"","overlay-opacity":"","overlay-gradient":""},"mobile":{"background-color":"var(--ast-global-color-5)","background-image":"","background-repeat":"repeat","background-position":"center center","background-size":"auto","background-attachment":"scroll","background-type":"","background-media":"","overlay-type":"","overlay-color":"","overlay-opacity":"","overlay-gradient":""}},"footnotes":""},"class_list":["post-214","page","type-page","status-publish","hentry"],"acf":[],"featured_image_src_large":false,"author_info":{"display_name":"Desarrollador","author_link":"https:\/\/ecoforest.servidor.gal\/es\/author\/desarrollo\/"},"comment_info":0,"taxonomy_info":[],"_links":{"self":[{"href":"https:\/\/ecoforest.servidor.gal\/es\/wp-json\/wp\/v2\/pages\/214","targetHints":{"allow":["GET"]}}],"collection":[{"href":"https:\/\/ecoforest.servidor.gal\/es\/wp-json\/wp\/v2\/pages"}],"about":[{"href":"https:\/\/ecoforest.servidor.gal\/es\/wp-json\/wp\/v2\/types\/page"}],"author":[{"embeddable":true,"href":"https:\/\/ecoforest.servidor.gal\/es\/wp-json\/wp\/v2\/users\/1"}],"replies":[{"embeddable":true,"href":"https:\/\/ecoforest.servidor.gal\/es\/wp-json\/wp\/v2\/comments?post=214"}],"version-history":[{"count":2,"href":"https:\/\/ecoforest.servidor.gal\/es\/wp-json\/wp\/v2\/pages\/214\/revisions"}],"predecessor-version":[{"id":217,"href":"https:\/\/ecoforest.servidor.gal\/es\/wp-json\/wp\/v2\/pages\/214\/revisions\/217"}],"wp:attachment":[{"href":"https:\/\/ecoforest.servidor.gal\/es\/wp-json\/wp\/v2\/media?parent=214"}],"curies":[{"name":"wp","href":"https:\/\/api.w.org\/{rel}","templated":true}]}}