{"id":6679,"date":"2021-06-29T18:19:00","date_gmt":"2021-06-29T17:19:00","guid":{"rendered":"https:\/\/ecoforest.servidor.gal\/proyectos\/"},"modified":"2021-10-12T09:30:40","modified_gmt":"2021-10-12T08:30:40","slug":"instalacoes-referencia","status":"publish","type":"page","link":"https:\/\/ecoforest.servidor.gal\/pt-pt\/instalacoes-referencia\/","title":{"rendered":"Projetos"},"content":{"rendered":"<style id=\"kt-blocks_ba4cee-0a\">.kt-post-loop_ba4cee-0a .kadence-post-image{padding-top:0px;padding-right:0px;padding-bottom:0px;padding-left:0px;}.kt-post-loop_ba4cee-0a .kt-post-grid-wrap{gap:30px 30px;}.kt-post-loop_ba4cee-0a .kt-blocks-post-grid-item{border-color:#eeeeee;border-top-width:1px;border-right-width:1px;border-bottom-width:1px;border-left-width:1px;border-top-left-radius:0px;border-top-right-radius:0px;border-bottom-right-radius:0px;border-bottom-left-radius:0px;}.kt-post-loop_ba4cee-0a .kt-blocks-post-grid-item .kt-blocks-post-grid-item-inner{padding-top:15px;padding-right:25px;padding-bottom:25px;padding-left:25px;}.kt-post-loop_ba4cee-0a .kt-blocks-post-grid-item .kt-blocks-post-grid-item-inner{text-align:left;}.kt-post-loop_ba4cee-0a .kt-blocks-post-grid-item header{background-color:rgba(130, 184, 29, 0.68);padding-top:0px;padding-right:0px;padding-bottom:10px;padding-left:0px;margin-top:-100px;margin-right:-30px;margin-bottom:0px;margin-left:-30px;}.kt-post-loop_ba4cee-0a .kt-blocks-post-grid-item .entry-title{color:#ffffff;padding-top:10px;padding-right:0px;padding-bottom:5px;padding-left:0px;margin-top:0px;margin-right:0px;margin-bottom:0px;margin-left:0px;font-size:24px;line-height:30px;}.kt-post-loop_ba4cee-0a .kt-blocks-post-grid-item .kt-blocks-post-top-meta{color:#777777;}.kt-post-loop_ba4cee-0a .kt-blocks-post-grid-item .kt-blocks-post-top-meta a{color:#777777;}.kt-post-loop_ba4cee-0a .kt-blocks-post-grid-item .kt-blocks-post-top-meta a:hover{color:#444444;}.kt-post-loop_ba4cee-0a .entry-content{padding-top:0px;padding-right:15px;padding-bottom:0px;padding-left:15px;margin-top:0px;margin-right:0px;margin-bottom:0px;margin-left:0px;}.kt-post-loop_ba4cee-0a .kt-blocks-post-footer{color:#777777;border-top-width:0px;border-right-width:0px;border-bottom-width:0px;border-left-width:0px;padding-top:0px;padding-right:15px;padding-bottom:5px;padding-left:15px;margin-top:0px;margin-right:0px;margin-bottom:0px;margin-left:0px;font-size:12px;line-height:20px;}.kt-post-loop_ba4cee-0a .entry-content:after{height:0px;}.kt-post-loop_ba4cee-0a .kt-blocks-post-footer a{color:#777777;}.kt-post-loop_ba4cee-0a .kt-blocks-post-footer a:hover{color:#444444;}.kt-post-loop_ba4cee-0a .kb-filter-item{border-top-width:0px;border-right-width:0px;border-bottom-width:2px;border-left-width:0px;padding-top:5px;padding-right:8px;padding-bottom:5px;padding-left:8px;margin-top:0px;margin-right:10px;margin-bottom:0px;margin-left:0px;}<\/style><div class=\"wp-block-kadence-postgrid kt-blocks-post-loop-block alignnone kt-post-loop_ba4cee-0a kt-post-grid-layout-grid \"><div class=\"kt-post-grid-layout-grid-wrap kt-post-grid-wrap\" data-columns-xxl=\"3\" data-columns-xl=\"3\" data-columns-md=\"3\" data-columns-sm=\"2\" data-columns-xs=\"1\" data-columns-ss=\"1\"data-item-selector=\".kt-post-masonry-item\"><article class=\"kt-blocks-post-grid-item post-11325 post type-post status-publish format-standard has-post-thumbnail hentry category-projetos ast-grid-common-col ast-full-width ast-article-post\"><div class=\"kt-blocks-post-grid-item-inner-wrap kt-feat-image-align-top kt-feat-image-mobile-align-top\"><div class=\"kadence-post-image\"><div class=\"kadence-post-image-intrisic kt-image-ratio-66-67\" style=\"padding-bottom:66.67%\"><div class=\"kadence-post-image-inner-intrisic\"><a href=\"https:\/\/ecoforest.servidor.gal\/pt-pt\/projetos\/primeira-fase-do-projecto-de-bombas-de-calor-testverhegy\/\" class=\"kadence-post-image-inner-wrap\"><img loading=\"lazy\" decoding=\"async\" width=\"1024\" height=\"512\" src=\"https:\/\/ecoforest.servidor.gal\/wp-content\/uploads\/2021\/09\/Testverhegy-instalacion-edificio-1024x512.jpg\" class=\"attachment-large size-large wp-post-image\" alt=\"\" srcset=\"https:\/\/ecoforest.servidor.gal\/wp-content\/uploads\/2021\/09\/Testverhegy-instalacion-edificio-1024x512.jpg 1024w, https:\/\/ecoforest.servidor.gal\/wp-content\/uploads\/2021\/09\/Testverhegy-instalacion-edificio-300x150.jpg 300w, https:\/\/ecoforest.servidor.gal\/wp-content\/uploads\/2021\/09\/Testverhegy-instalacion-edificio-768x384.jpg 768w, https:\/\/ecoforest.servidor.gal\/wp-content\/uploads\/2021\/09\/Testverhegy-instalacion-edificio.jpg 1200w\" sizes=\"auto, (max-width: 1024px) 100vw, 1024px\" title=\"\"><\/a><\/div><\/div><\/div><div class=\"kt-blocks-post-grid-item-inner\"><header><h2 class=\"entry-title\"><a href=\"https:\/\/ecoforest.servidor.gal\/pt-pt\/projetos\/primeira-fase-do-projecto-de-bombas-de-calor-testverhegy\/\">Primeira Fase do projecto de bombas de calor Testv\u00e9rhegy<\/a><\/h2><div class=\"kt-blocks-post-top-meta\"><\/div><\/header><div class=\"entry-content\"><\/div><footer class=\"kt-blocks-post-footer\"><div class=\"kt-blocks-post-footer-left\"><\/div><div class=\"kt-blocks-post-footer-right\"><\/div><\/footer><\/div><\/div><\/article><article class=\"kt-blocks-post-grid-item post-11323 post type-post status-publish format-standard has-post-thumbnail hentry category-projetos ast-grid-common-col ast-full-width ast-article-post\"><div class=\"kt-blocks-post-grid-item-inner-wrap kt-feat-image-align-top kt-feat-image-mobile-align-top\"><div class=\"kadence-post-image\"><div class=\"kadence-post-image-intrisic kt-image-ratio-66-67\" style=\"padding-bottom:66.67%\"><div class=\"kadence-post-image-inner-intrisic\"><a href=\"https:\/\/ecoforest.servidor.gal\/pt-pt\/projetos\/andorra-bungalows-na-montanha\/\" class=\"kadence-post-image-inner-wrap\"><img loading=\"lazy\" decoding=\"async\" width=\"1024\" height=\"485\" src=\"https:\/\/ecoforest.servidor.gal\/wp-content\/uploads\/2021\/09\/Estufa-basic-bungalows-1-1024x485.jpg\" class=\"attachment-large size-large wp-post-image\" alt=\"\" srcset=\"https:\/\/ecoforest.servidor.gal\/wp-content\/uploads\/2021\/09\/Estufa-basic-bungalows-1-1024x485.jpg 1024w, https:\/\/ecoforest.servidor.gal\/wp-content\/uploads\/2021\/09\/Estufa-basic-bungalows-1-300x142.jpg 300w, https:\/\/ecoforest.servidor.gal\/wp-content\/uploads\/2021\/09\/Estufa-basic-bungalows-1-768x364.jpg 768w, https:\/\/ecoforest.servidor.gal\/wp-content\/uploads\/2021\/09\/Estufa-basic-bungalows-1.jpg 1140w\" sizes=\"auto, (max-width: 1024px) 100vw, 1024px\" title=\"\"><\/a><\/div><\/div><\/div><div class=\"kt-blocks-post-grid-item-inner\"><header><h2 class=\"entry-title\"><a href=\"https:\/\/ecoforest.servidor.gal\/pt-pt\/projetos\/andorra-bungalows-na-montanha\/\">Andorra: Bungalows na montanha<\/a><\/h2><div class=\"kt-blocks-post-top-meta\"><\/div><\/header><div class=\"entry-content\"><\/div><footer class=\"kt-blocks-post-footer\"><div class=\"kt-blocks-post-footer-left\"><\/div><div class=\"kt-blocks-post-footer-right\"><\/div><\/footer><\/div><\/div><\/article><article class=\"kt-blocks-post-grid-item post-9657 post type-post status-publish format-standard has-post-thumbnail hentry category-projetos ast-grid-common-col ast-full-width ast-article-post\"><div class=\"kt-blocks-post-grid-item-inner-wrap kt-feat-image-align-top kt-feat-image-mobile-align-top\"><div class=\"kadence-post-image\"><div class=\"kadence-post-image-intrisic kt-image-ratio-66-67\" style=\"padding-bottom:66.67%\"><div class=\"kadence-post-image-inner-intrisic\"><a href=\"https:\/\/ecoforest.servidor.gal\/pt-pt\/projetos\/bomba-de-calor-captacao-hibrida\/\" class=\"kadence-post-image-inner-wrap\"><img loading=\"lazy\" decoding=\"async\" width=\"1024\" height=\"768\" src=\"https:\/\/ecoforest.servidor.gal\/wp-content\/uploads\/2021\/09\/IMG_20201209_1429461-1024x768.jpg\" class=\"attachment-large size-large wp-post-image\" alt=\"\" srcset=\"https:\/\/ecoforest.servidor.gal\/wp-content\/uploads\/2021\/09\/IMG_20201209_1429461-1024x768.jpg 1024w, https:\/\/ecoforest.servidor.gal\/wp-content\/uploads\/2021\/09\/IMG_20201209_1429461-300x225.jpg 300w, https:\/\/ecoforest.servidor.gal\/wp-content\/uploads\/2021\/09\/IMG_20201209_1429461-768x576.jpg 768w, https:\/\/ecoforest.servidor.gal\/wp-content\/uploads\/2021\/09\/IMG_20201209_1429461-1536x1152.jpg 1536w, https:\/\/ecoforest.servidor.gal\/wp-content\/uploads\/2021\/09\/IMG_20201209_1429461-2048x1536.jpg 2048w\" sizes=\"auto, (max-width: 1024px) 100vw, 1024px\" title=\"\"><\/a><\/div><\/div><\/div><div class=\"kt-blocks-post-grid-item-inner\"><header><h2 class=\"entry-title\"><a href=\"https:\/\/ecoforest.servidor.gal\/pt-pt\/projetos\/bomba-de-calor-captacao-hibrida\/\">Bomba de calor capta\u00e7\u00e3o h\u00edbrida<\/a><\/h2><div class=\"kt-blocks-post-top-meta\"><\/div><\/header><div class=\"entry-content\"><\/div><footer class=\"kt-blocks-post-footer\"><div class=\"kt-blocks-post-footer-left\"><\/div><div class=\"kt-blocks-post-footer-right\"><\/div><\/footer><\/div><\/div><\/article><article class=\"kt-blocks-post-grid-item post-2385 post type-post status-publish format-standard has-post-thumbnail hentry category-projetos ast-grid-common-col ast-full-width ast-article-post\"><div class=\"kt-blocks-post-grid-item-inner-wrap kt-feat-image-align-top kt-feat-image-mobile-align-top\"><div class=\"kadence-post-image\"><div class=\"kadence-post-image-intrisic kt-image-ratio-66-67\" style=\"padding-bottom:66.67%\"><div class=\"kadence-post-image-inner-intrisic\"><a href=\"https:\/\/ecoforest.servidor.gal\/pt-pt\/projetos\/vivienda-sin-conexion-a-red-con-caldera-de-pellets-y-paneles-fotovoltaicos\/\" class=\"kadence-post-image-inner-wrap\"><img loading=\"lazy\" decoding=\"async\" width=\"1024\" height=\"739\" src=\"https:\/\/ecoforest.servidor.gal\/wp-content\/uploads\/2021\/08\/vivienda-con-conexion1-1024x739.jpeg\" class=\"attachment-large size-large wp-post-image\" alt=\"\" srcset=\"https:\/\/ecoforest.servidor.gal\/wp-content\/uploads\/2021\/08\/vivienda-con-conexion1-1024x739.jpeg 1024w, https:\/\/ecoforest.servidor.gal\/wp-content\/uploads\/2021\/08\/vivienda-con-conexion1-300x217.jpeg 300w, https:\/\/ecoforest.servidor.gal\/wp-content\/uploads\/2021\/08\/vivienda-con-conexion1-768x554.jpeg 768w, https:\/\/ecoforest.servidor.gal\/wp-content\/uploads\/2021\/08\/vivienda-con-conexion1.jpeg 1535w\" sizes=\"auto, (max-width: 1024px) 100vw, 1024px\" title=\"\"><\/a><\/div><\/div><\/div><div class=\"kt-blocks-post-grid-item-inner\"><header><h2 class=\"entry-title\"><a href=\"https:\/\/ecoforest.servidor.gal\/pt-pt\/projetos\/vivienda-sin-conexion-a-red-con-caldera-de-pellets-y-paneles-fotovoltaicos\/\">Vivienda sin conexi\u00f3n a red con caldera de pellets y paneles fotovolt\u00e1icos<\/a><\/h2><div class=\"kt-blocks-post-top-meta\"><\/div><\/header><div class=\"entry-content\"><\/div><footer class=\"kt-blocks-post-footer\"><div class=\"kt-blocks-post-footer-left\"><\/div><div class=\"kt-blocks-post-footer-right\"><\/div><\/footer><\/div><\/div><\/article><article class=\"kt-blocks-post-grid-item post-4635 post type-post status-publish format-standard has-post-thumbnail hentry category-projetos ast-grid-common-col ast-full-width ast-article-post\"><div class=\"kt-blocks-post-grid-item-inner-wrap kt-feat-image-align-top kt-feat-image-mobile-align-top\"><div class=\"kadence-post-image\"><div class=\"kadence-post-image-intrisic kt-image-ratio-66-67\" style=\"padding-bottom:66.67%\"><div class=\"kadence-post-image-inner-intrisic\"><a href=\"https:\/\/ecoforest.servidor.gal\/pt-pt\/projetos\/espanha-42-viviendas-alcorcon\/\" class=\"kadence-post-image-inner-wrap\"><img loading=\"lazy\" decoding=\"async\" width=\"1024\" height=\"485\" src=\"https:\/\/ecoforest.servidor.gal\/wp-content\/uploads\/2021\/06\/alcorcon-portada.png-1024x485.png\" class=\"attachment-large size-large wp-post-image\" alt=\"\" srcset=\"https:\/\/ecoforest.servidor.gal\/wp-content\/uploads\/2021\/06\/alcorcon-portada.png-1024x485.png 1024w, https:\/\/ecoforest.servidor.gal\/wp-content\/uploads\/2021\/06\/alcorcon-portada.png-300x142.png 300w, https:\/\/ecoforest.servidor.gal\/wp-content\/uploads\/2021\/06\/alcorcon-portada.png-768x364.png 768w, https:\/\/ecoforest.servidor.gal\/wp-content\/uploads\/2021\/06\/alcorcon-portada.png.png 1140w\" sizes=\"auto, (max-width: 1024px) 100vw, 1024px\" title=\"\"><\/a><\/div><\/div><\/div><div class=\"kt-blocks-post-grid-item-inner\"><header><h2 class=\"entry-title\"><a href=\"https:\/\/ecoforest.servidor.gal\/pt-pt\/projetos\/espanha-42-viviendas-alcorcon\/\">Espanha: 42 viviendas Alcorc\u00f3n<\/a><\/h2><div class=\"kt-blocks-post-top-meta\"><\/div><\/header><div class=\"entry-content\"><\/div><footer class=\"kt-blocks-post-footer\"><div class=\"kt-blocks-post-footer-left\"><\/div><div class=\"kt-blocks-post-footer-right\"><\/div><\/footer><\/div><\/div><\/article><article class=\"kt-blocks-post-grid-item post-5171 post type-post status-publish format-standard has-post-thumbnail hentry category-projetos ast-grid-common-col ast-full-width ast-article-post\"><div class=\"kt-blocks-post-grid-item-inner-wrap kt-feat-image-align-top kt-feat-image-mobile-align-top\"><div class=\"kadence-post-image\"><div class=\"kadence-post-image-intrisic kt-image-ratio-66-67\" style=\"padding-bottom:66.67%\"><div class=\"kadence-post-image-inner-intrisic\"><a href=\"https:\/\/ecoforest.servidor.gal\/pt-pt\/projetos\/bomba-de-calor-com-gestor-energetico\/\" class=\"kadence-post-image-inner-wrap\"><img loading=\"lazy\" decoding=\"async\" width=\"1024\" height=\"513\" src=\"https:\/\/ecoforest.servidor.gal\/wp-content\/uploads\/2021\/06\/fotovoltaico-1024x513.jpg\" class=\"attachment-large size-large wp-post-image\" alt=\"\" srcset=\"https:\/\/ecoforest.servidor.gal\/wp-content\/uploads\/2021\/06\/fotovoltaico-1024x513.jpg 1024w, https:\/\/ecoforest.servidor.gal\/wp-content\/uploads\/2021\/06\/fotovoltaico-300x150.jpg 300w, https:\/\/ecoforest.servidor.gal\/wp-content\/uploads\/2021\/06\/fotovoltaico-768x385.jpg 768w, https:\/\/ecoforest.servidor.gal\/wp-content\/uploads\/2021\/06\/fotovoltaico-1536x769.jpg 1536w, https:\/\/ecoforest.servidor.gal\/wp-content\/uploads\/2021\/06\/fotovoltaico-2048x1026.jpg 2048w\" sizes=\"auto, (max-width: 1024px) 100vw, 1024px\" title=\"\"><\/a><\/div><\/div><\/div><div class=\"kt-blocks-post-grid-item-inner\"><header><h2 class=\"entry-title\"><a href=\"https:\/\/ecoforest.servidor.gal\/pt-pt\/projetos\/bomba-de-calor-com-gestor-energetico\/\">Bomba de calor com gestor energ\u00e9tico<\/a><\/h2><div class=\"kt-blocks-post-top-meta\"><\/div><\/header><div class=\"entry-content\"><\/div><footer class=\"kt-blocks-post-footer\"><div class=\"kt-blocks-post-footer-left\"><\/div><div class=\"kt-blocks-post-footer-right\"><\/div><\/footer><\/div><\/div><\/article><article class=\"kt-blocks-post-grid-item post-9716 post type-post status-publish format-standard has-post-thumbnail hentry category-projetos ast-grid-common-col ast-full-width ast-article-post\"><div class=\"kt-blocks-post-grid-item-inner-wrap kt-feat-image-align-top kt-feat-image-mobile-align-top\"><div class=\"kadence-post-image\"><div class=\"kadence-post-image-intrisic kt-image-ratio-66-67\" style=\"padding-bottom:66.67%\"><div class=\"kadence-post-image-inner-intrisic\"><a href=\"https:\/\/ecoforest.servidor.gal\/pt-pt\/projetos\/turquia-aquasis-didim\/\" class=\"kadence-post-image-inner-wrap\"><img loading=\"lazy\" decoding=\"async\" width=\"1024\" height=\"485\" src=\"https:\/\/ecoforest.servidor.gal\/wp-content\/uploads\/2021\/09\/Aquasis-Didim-web1-1024x485.png\" class=\"attachment-large size-large wp-post-image\" alt=\"\" srcset=\"https:\/\/ecoforest.servidor.gal\/wp-content\/uploads\/2021\/09\/Aquasis-Didim-web1-1024x485.png 1024w, https:\/\/ecoforest.servidor.gal\/wp-content\/uploads\/2021\/09\/Aquasis-Didim-web1-300x142.png 300w, https:\/\/ecoforest.servidor.gal\/wp-content\/uploads\/2021\/09\/Aquasis-Didim-web1-768x364.png 768w, https:\/\/ecoforest.servidor.gal\/wp-content\/uploads\/2021\/09\/Aquasis-Didim-web1.png 1140w\" sizes=\"auto, (max-width: 1024px) 100vw, 1024px\" title=\"\"><\/a><\/div><\/div><\/div><div class=\"kt-blocks-post-grid-item-inner\"><header><h2 class=\"entry-title\"><a href=\"https:\/\/ecoforest.servidor.gal\/pt-pt\/projetos\/turquia-aquasis-didim\/\">Turqu\u00eda: Aquasis Didim<\/a><\/h2><div class=\"kt-blocks-post-top-meta\"><\/div><\/header><div class=\"entry-content\"><\/div><footer class=\"kt-blocks-post-footer\"><div class=\"kt-blocks-post-footer-left\"><\/div><div class=\"kt-blocks-post-footer-right\"><\/div><\/footer><\/div><\/div><\/article><article class=\"kt-blocks-post-grid-item post-5247 post type-post status-publish format-standard has-post-thumbnail hentry category-projetos ast-grid-common-col ast-full-width ast-article-post\"><div class=\"kt-blocks-post-grid-item-inner-wrap kt-feat-image-align-top kt-feat-image-mobile-align-top\"><div class=\"kadence-post-image\"><div class=\"kadence-post-image-intrisic kt-image-ratio-66-67\" style=\"padding-bottom:66.67%\"><div class=\"kadence-post-image-inner-intrisic\"><a href=\"https:\/\/ecoforest.servidor.gal\/pt-pt\/projetos\/portugal-bomba-de-calor-no-algarve\/\" class=\"kadence-post-image-inner-wrap\"><img loading=\"lazy\" decoding=\"async\" width=\"1024\" height=\"768\" src=\"https:\/\/ecoforest.servidor.gal\/wp-content\/uploads\/2021\/06\/Villa-Algarve-Portugal1-1024x768.jpg\" class=\"attachment-large size-large wp-post-image\" alt=\"\" srcset=\"https:\/\/ecoforest.servidor.gal\/wp-content\/uploads\/2021\/06\/Villa-Algarve-Portugal1-1024x768.jpg 1024w, https:\/\/ecoforest.servidor.gal\/wp-content\/uploads\/2021\/06\/Villa-Algarve-Portugal1-300x225.jpg 300w, https:\/\/ecoforest.servidor.gal\/wp-content\/uploads\/2021\/06\/Villa-Algarve-Portugal1-768x576.jpg 768w, https:\/\/ecoforest.servidor.gal\/wp-content\/uploads\/2021\/06\/Villa-Algarve-Portugal1-1536x1152.jpg 1536w, https:\/\/ecoforest.servidor.gal\/wp-content\/uploads\/2021\/06\/Villa-Algarve-Portugal1-2048x1536.jpg 2048w\" sizes=\"auto, (max-width: 1024px) 100vw, 1024px\" title=\"\"><\/a><\/div><\/div><\/div><div class=\"kt-blocks-post-grid-item-inner\"><header><h2 class=\"entry-title\"><a href=\"https:\/\/ecoforest.servidor.gal\/pt-pt\/projetos\/portugal-bomba-de-calor-no-algarve\/\">Portugal: Bomba de calor no Algarve<\/a><\/h2><div class=\"kt-blocks-post-top-meta\"><\/div><\/header><div class=\"entry-content\"><\/div><footer class=\"kt-blocks-post-footer\"><div class=\"kt-blocks-post-footer-left\"><\/div><div class=\"kt-blocks-post-footer-right\"><\/div><\/footer><\/div><\/div><\/article><article class=\"kt-blocks-post-grid-item post-9752 post type-post status-publish format-standard has-post-thumbnail hentry category-projetos ast-grid-common-col ast-full-width ast-article-post\"><div class=\"kt-blocks-post-grid-item-inner-wrap kt-feat-image-align-top kt-feat-image-mobile-align-top\"><div class=\"kadence-post-image\"><div class=\"kadence-post-image-intrisic kt-image-ratio-66-67\" style=\"padding-bottom:66.67%\"><div class=\"kadence-post-image-inner-intrisic\"><a href=\"https:\/\/ecoforest.servidor.gal\/pt-pt\/projetos\/espanha-vivienda-unifamiliar-em-nigran\/\" class=\"kadence-post-image-inner-wrap\"><img loading=\"lazy\" decoding=\"async\" width=\"1024\" height=\"485\" src=\"https:\/\/ecoforest.servidor.gal\/wp-content\/uploads\/2021\/09\/bomba-de-calor-geotermica-vivienda-unifamiliar-nigran-1024x485.jpg\" class=\"attachment-large size-large wp-post-image\" alt=\"\" srcset=\"https:\/\/ecoforest.servidor.gal\/wp-content\/uploads\/2021\/09\/bomba-de-calor-geotermica-vivienda-unifamiliar-nigran-1024x485.jpg 1024w, https:\/\/ecoforest.servidor.gal\/wp-content\/uploads\/2021\/09\/bomba-de-calor-geotermica-vivienda-unifamiliar-nigran-300x142.jpg 300w, https:\/\/ecoforest.servidor.gal\/wp-content\/uploads\/2021\/09\/bomba-de-calor-geotermica-vivienda-unifamiliar-nigran-768x364.jpg 768w, https:\/\/ecoforest.servidor.gal\/wp-content\/uploads\/2021\/09\/bomba-de-calor-geotermica-vivienda-unifamiliar-nigran.jpg 1140w\" sizes=\"auto, (max-width: 1024px) 100vw, 1024px\" title=\"\"><\/a><\/div><\/div><\/div><div class=\"kt-blocks-post-grid-item-inner\"><header><h2 class=\"entry-title\"><a href=\"https:\/\/ecoforest.servidor.gal\/pt-pt\/projetos\/espanha-vivienda-unifamiliar-em-nigran\/\">Espanha: Vivienda unifamiliar em Nigr\u00e1n<\/a><\/h2><div class=\"kt-blocks-post-top-meta\"><\/div><\/header><div class=\"entry-content\"><\/div><footer class=\"kt-blocks-post-footer\"><div class=\"kt-blocks-post-footer-left\"><\/div><div class=\"kt-blocks-post-footer-right\"><\/div><\/footer><\/div><\/div><\/article><\/div><div class=\"kt-blocks-page-nav\"><nav class=\"navigation pagination\" aria-label=\"Pagina\u00e7\u00e3o dos conte\u00fados\">\n\t\t\t\t<div class=\"nav-links\"><span aria-current=\"page\" class=\"page-numbers current\">1<\/span>\n<a class=\"page-numbers\" href=\"https:\/\/ecoforest.servidor.gal\/pt-pt\/wp-json\/wp\/v2\/pages\/6679\/page\/2\/\">2<\/a>\n<a class=\"page-numbers\" href=\"https:\/\/ecoforest.servidor.gal\/pt-pt\/wp-json\/wp\/v2\/pages\/6679\/page\/3\/\">3<\/a>\n<a class=\"next page-numbers\" href=\"https:\/\/ecoforest.servidor.gal\/pt-pt\/wp-json\/wp\/v2\/pages\/6679\/page\/2\/\"><span class=\"screen-reader-text\">Next Page<\/span><svg style=\"display:inline-block;vertical-align:middle\" aria-hidden=\"true\" class=\"kt-blocks-pagination-right-svg\" viewBox=\"0 0 320 512\" height=\"14\" width=\"8\" fill=\"currentColor\" xmlns=\"http:\/\/www.w3.org\/2000\/svg\"><path d=\"M285.476 272.971L91.132 467.314c-9.373 9.373-24.569 9.373-33.941 0l-22.667-22.667c-9.357-9.357-9.375-24.522-.04-33.901L188.505 256 34.484 101.255c-9.335-9.379-9.317-24.544.04-33.901l22.667-22.667c9.373-9.373 24.569-9.373 33.941 0L285.475 239.03c9.373 9.372 9.373 24.568.001 33.941z\"><\/path><\/svg><\/a><\/div>\n\t\t<\/nav><\/div><\/div><!-- .wp-block-kadence-postgrid -->","protected":false},"excerpt":{"rendered":"","protected":false},"author":1,"featured_media":0,"parent":0,"menu_order":0,"comment_status":"closed","ping_status":"closed","template":"","meta":{"inline_featured_image":false,"_kad_blocks_custom_css":"","_kad_blocks_head_custom_js":"","_kad_blocks_body_custom_js":"","_kad_blocks_footer_custom_js":"","site-sidebar-layout":"default","site-content-layout":"plain-container","ast-site-content-layout":"default","site-content-style":"default","site-sidebar-style":"default","ast-global-header-display":"","ast-banner-title-visibility":"","ast-main-header-display":"","ast-hfb-above-header-display":"","ast-hfb-below-header-display":"","ast-hfb-mobile-header-display":"","site-post-title":"disabled","ast-breadcrumbs-content":"","ast-featured-img":"","footer-sml-layout":"","ast-disable-related-posts":"","theme-transparent-header-meta":"default","adv-header-id-meta":"","stick-header-meta":"default","header-above-stick-meta":"","header-main-stick-meta":"","header-below-stick-meta":"","astra-migrate-meta-layouts":"default","ast-page-background-enabled":"default","ast-page-background-meta":{"desktop":{"background-color":"","background-image":"","background-repeat":"repeat","background-position":"center center","background-size":"auto","background-attachment":"scroll","background-type":"","background-media":"","overlay-type":"","overlay-color":"","overlay-opacity":"","overlay-gradient":""},"tablet":{"background-color":"","background-image":"","background-repeat":"repeat","background-position":"center center","background-size":"auto","background-attachment":"scroll","background-type":"","background-media":"","overlay-type":"","overlay-color":"","overlay-opacity":"","overlay-gradient":""},"mobile":{"background-color":"","background-image":"","background-repeat":"repeat","background-position":"center center","background-size":"auto","background-attachment":"scroll","background-type":"","background-media":"","overlay-type":"","overlay-color":"","overlay-opacity":"","overlay-gradient":""}},"ast-content-background-meta":{"desktop":{"background-color":"var(--ast-global-color-5)","background-image":"","background-repeat":"repeat","background-position":"center center","background-size":"auto","background-attachment":"scroll","background-type":"","background-media":"","overlay-type":"","overlay-color":"","overlay-opacity":"","overlay-gradient":""},"tablet":{"background-color":"var(--ast-global-color-5)","background-image":"","background-repeat":"repeat","background-position":"center center","background-size":"auto","background-attachment":"scroll","background-type":"","background-media":"","overlay-type":"","overlay-color":"","overlay-opacity":"","overlay-gradient":""},"mobile":{"background-color":"var(--ast-global-color-5)","background-image":"","background-repeat":"repeat","background-position":"center center","background-size":"auto","background-attachment":"scroll","background-type":"","background-media":"","overlay-type":"","overlay-color":"","overlay-opacity":"","overlay-gradient":""}},"footnotes":""},"class_list":["post-6679","page","type-page","status-publish","hentry"],"acf":[],"featured_image_src_large":false,"author_info":{"display_name":"Desarrollador","author_link":"https:\/\/ecoforest.servidor.gal\/pt-pt\/author\/desarrollo\/"},"comment_info":0,"taxonomy_info":[],"_links":{"self":[{"href":"https:\/\/ecoforest.servidor.gal\/pt-pt\/wp-json\/wp\/v2\/pages\/6679","targetHints":{"allow":["GET"]}}],"collection":[{"href":"https:\/\/ecoforest.servidor.gal\/pt-pt\/wp-json\/wp\/v2\/pages"}],"about":[{"href":"https:\/\/ecoforest.servidor.gal\/pt-pt\/wp-json\/wp\/v2\/types\/page"}],"author":[{"embeddable":true,"href":"https:\/\/ecoforest.servidor.gal\/pt-pt\/wp-json\/wp\/v2\/users\/1"}],"replies":[{"embeddable":true,"href":"https:\/\/ecoforest.servidor.gal\/pt-pt\/wp-json\/wp\/v2\/comments?post=6679"}],"version-history":[{"count":2,"href":"https:\/\/ecoforest.servidor.gal\/pt-pt\/wp-json\/wp\/v2\/pages\/6679\/revisions"}],"predecessor-version":[{"id":9093,"href":"https:\/\/ecoforest.servidor.gal\/pt-pt\/wp-json\/wp\/v2\/pages\/6679\/revisions\/9093"}],"wp:attachment":[{"href":"https:\/\/ecoforest.servidor.gal\/pt-pt\/wp-json\/wp\/v2\/media?parent=6679"}],"curies":[{"name":"wp","href":"https:\/\/api.w.org\/{rel}","templated":true}]}}